{"id":181,"date":"2024-03-13T15:00:22","date_gmt":"2024-03-13T14:00:22","guid":{"rendered":"https:\/\/indiverplast.it\/?page_id=181"},"modified":"2024-03-13T15:04:25","modified_gmt":"2024-03-13T14:04:25","slug":"su-di-noi","status":"publish","type":"page","link":"https:\/\/indiverplast.it\/index.php\/su-di-noi\/","title":{"rendered":"SU DI NOI"},"content":{"rendered":"\n<div class=\"wp-block-query alignfull is-layout-flow wp-block-query-is-layout-flow\">\n<div class=\"wp-block-group alignfull is-layout-flow wp-block-group-is-layout-flow\" style=\"padding-top:var(--wp--preset--spacing--40);padding-right:var(--wp--preset--spacing--40);padding-bottom:var(--wp--preset--spacing--40);padding-left:var(--wp--preset--spacing--40)\"><ul style=\"text-transform:none;\" class=\"wp-block-post-template is-layout-flow wp-block-post-template-is-layout-flow\"><li class=\"wp-block-post post-197 post type-post status-publish format-standard hentry category-su-di-noi\">\n\n<div class=\"wp-block-group is-content-justification-center is-layout-constrained wp-container-core-group-is-layout-c5f7bfed wp-block-group-is-layout-constrained\">\n<div class=\"wp-block-group is-vertical is-layout-flex wp-container-core-group-is-layout-cedeea28 wp-block-group-is-layout-flex\" style=\"padding-bottom:var(--wp--preset--spacing--80)\"><div style=\"font-size:clamp(0.875rem, 0.875rem + ((1vw - 0.2rem) * 0.027), 0.9rem);letter-spacing:1px; margin-top:0;margin-right:0;margin-bottom:0;margin-left:0;\" class=\"has-text-align-left has-link-color wp-elements-5599b62b56904c5408ce764ba1a18b73 wp-block-post-date has-text-color has-contrast-color\"><time datetime=\"2024-03-21T17:16:58+01:00\">3\/21\/2024<\/time><\/div>\n\n\n<div class=\"wp-block-group is-layout-constrained wp-block-group-is-layout-constrained\" style=\"margin-top:0;margin-bottom:0\"><h2 style=\"font-size:clamp(2.46rem, 2.46rem + ((1vw - 0.2rem) * 2.314), 4.6rem);font-style:normal;font-weight:600;line-height:1;\" class=\"has-link-color wp-elements-6c63676d444148112043a3d23d59cf70 wp-block-post-title has-text-color has-contrast-color\"><a href=\"https:\/\/indiverplast.it\/index.php\/2024\/03\/21\/indivergum-mai-piu-infiltrazioni-il-tuo-terrazzo-e-sicuro-con-limpermeabilizzante-di-indiverplast\/\" target=\"_self\" >Indivergum: Mai pi\u00f9 infiltrazioni! Il tuo terrazzo \u00e8 sicuro con l&#8217;impermeabilizzante di Indiverplast.<\/a><\/h2>\n\n<div style=\"line-height:1.7;\" class=\"wp-block-post-excerpt has-small-font-size\"><p class=\"wp-block-post-excerpt__excerpt\">Scegliendo Indivergum avrai:<\/p><p class=\"wp-block-post-excerpt__more-text\"><a class=\"wp-block-post-excerpt__more-link\" href=\"https:\/\/indiverplast.it\/index.php\/2024\/03\/21\/indivergum-mai-piu-infiltrazioni-il-tuo-terrazzo-e-sicuro-con-limpermeabilizzante-di-indiverplast\/\">Leggi tutto<\/a><\/p><\/div><\/div>\n<\/div>\n<\/div>\n\n<\/li><li class=\"wp-block-post post-170 post type-post status-publish format-standard hentry category-su-di-noi\">\n\n<div class=\"wp-block-group is-content-justification-center is-layout-constrained wp-container-core-group-is-layout-c5f7bfed wp-block-group-is-layout-constrained\">\n<div class=\"wp-block-group is-vertical is-layout-flex wp-container-core-group-is-layout-cedeea28 wp-block-group-is-layout-flex\" style=\"padding-bottom:var(--wp--preset--spacing--80)\"><div style=\"font-size:clamp(0.875rem, 0.875rem + ((1vw - 0.2rem) * 0.027), 0.9rem);letter-spacing:1px; margin-top:0;margin-right:0;margin-bottom:0;margin-left:0;\" class=\"has-text-align-left has-link-color wp-elements-5599b62b56904c5408ce764ba1a18b73 wp-block-post-date has-text-color has-contrast-color\"><time datetime=\"2024-03-14T08:00:00+01:00\">3\/14\/2024<\/time><\/div>\n\n\n<div class=\"wp-block-group is-layout-constrained wp-block-group-is-layout-constrained\" style=\"margin-top:0;margin-bottom:0\"><h2 style=\"font-size:clamp(2.46rem, 2.46rem + ((1vw - 0.2rem) * 2.314), 4.6rem);font-style:normal;font-weight:600;line-height:1;\" class=\"has-link-color wp-elements-6c63676d444148112043a3d23d59cf70 wp-block-post-title has-text-color has-contrast-color\"><a href=\"https:\/\/indiverplast.it\/index.php\/2024\/03\/14\/indiverplast-innovazione-e-protezione-per-la-tua-casa\/\" target=\"_self\" >Indiverplast: Innovazione e Protezione per la Tua Casa<\/a><\/h2>\n\n<div style=\"line-height:1.7;\" class=\"wp-block-post-excerpt has-small-font-size\"><p class=\"wp-block-post-excerpt__excerpt\">Nel cuore dell\u2019innovazione e della qualit\u00e0, noi di Indiverplast ci distinguiamo nel panorama dei rivestimenti e delle pitture murali con prodotti all\u2019avanguardia che garantiscono non solo estetica ma anche protezione e durabilit\u00e0. Oggi scopriamo insieme alcune delle nostre soluzioni pi\u00f9 avanzate: Elasticit\u00e0 e Protezione: Indivergum Manto Bituminoso \u00e8 un rivestimento elastico a base di resine<\/p><p class=\"wp-block-post-excerpt__more-text\"><a class=\"wp-block-post-excerpt__more-link\" href=\"https:\/\/indiverplast.it\/index.php\/2024\/03\/14\/indiverplast-innovazione-e-protezione-per-la-tua-casa\/\">Leggi tutto<\/a><\/p><\/div><\/div>\n<\/div>\n<\/div>\n\n<\/li><li class=\"wp-block-post post-166 post type-post status-publish format-standard hentry category-su-di-noi\">\n\n<div class=\"wp-block-group is-content-justification-center is-layout-constrained wp-container-core-group-is-layout-c5f7bfed wp-block-group-is-layout-constrained\">\n<div class=\"wp-block-group is-vertical is-layout-flex wp-container-core-group-is-layout-cedeea28 wp-block-group-is-layout-flex\" style=\"padding-bottom:var(--wp--preset--spacing--80)\"><div style=\"font-size:clamp(0.875rem, 0.875rem + ((1vw - 0.2rem) * 0.027), 0.9rem);letter-spacing:1px; margin-top:0;margin-right:0;margin-bottom:0;margin-left:0;\" class=\"has-text-align-left has-link-color wp-elements-5599b62b56904c5408ce764ba1a18b73 wp-block-post-date has-text-color has-contrast-color\"><time datetime=\"2024-03-13T14:50:35+01:00\">3\/13\/2024<\/time><\/div>\n\n\n<div class=\"wp-block-group is-layout-constrained wp-block-group-is-layout-constrained\" style=\"margin-top:0;margin-bottom:0\"><h2 style=\"font-size:clamp(2.46rem, 2.46rem + ((1vw - 0.2rem) * 2.314), 4.6rem);font-style:normal;font-weight:600;line-height:1;\" class=\"has-link-color wp-elements-6c63676d444148112043a3d23d59cf70 wp-block-post-title has-text-color has-contrast-color\"><a href=\"https:\/\/indiverplast.it\/index.php\/2024\/03\/13\/innovazione-e-sostenibilita-la-nostra-rivoluzione-nelle-pitture-indiverplast\/\" target=\"_self\" >Innovazione e Sostenibilit\u00e0: La Nostra Rivoluzione nelle Pitture &#8211; INDIVERPLAST<\/a><\/h2>\n\n<div style=\"line-height:1.7;\" class=\"wp-block-post-excerpt has-small-font-size\"><p class=\"wp-block-post-excerpt__excerpt\">Siamo INDIVERPLAST s.r.l., e da oltre cinquant\u2019anni rappresentiamo un simbolo di qualit\u00e0 e avanguardia nel settore delle pitture e dei rivestimenti. Nati nel 1970 all&#8217;ombra del Vesuvio, dove da secoli la tradizione si fonde con l\u2019innovazione, abbiamo navigato attraverso decenni di cambiamenti, mantenendoci sempre in linea con le esigenze di un mercato dinamico e con<\/p><p class=\"wp-block-post-excerpt__more-text\"><a class=\"wp-block-post-excerpt__more-link\" href=\"https:\/\/indiverplast.it\/index.php\/2024\/03\/13\/innovazione-e-sostenibilita-la-nostra-rivoluzione-nelle-pitture-indiverplast\/\">Leggi tutto<\/a><\/p><\/div><\/div>\n<\/div>\n<\/div>\n\n<\/li><\/ul><\/div>\n\n\n\n<div class=\"wp-block-group is-content-justification-left is-layout-constrained wp-container-core-group-is-layout-9821ac42 wp-block-group-is-layout-constrained\" style=\"margin-top:0;margin-bottom:0;padding-top:0;padding-right:var(--wp--preset--spacing--40);padding-bottom:var(--wp--preset--spacing--40);padding-left:var(--wp--preset--spacing--40)\"><\/div>\n<\/div>\n","protected":false},"excerpt":{"rendered":"","protected":false},"author":2,"featured_media":0,"parent":0,"menu_order":0,"comment_status":"closed","ping_status":"closed","template":"","meta":{"footnotes":""},"class_list":["post-181","page","type-page","status-publish","hentry"],"_links":{"self":[{"href":"https:\/\/indiverplast.it\/index.php\/wp-json\/wp\/v2\/pages\/181","targetHints":{"allow":["GET"]}}],"collection":[{"href":"https:\/\/indiverplast.it\/index.php\/wp-json\/wp\/v2\/pages"}],"about":[{"href":"https:\/\/indiverplast.it\/index.php\/wp-json\/wp\/v2\/types\/page"}],"author":[{"embeddable":true,"href":"https:\/\/indiverplast.it\/index.php\/wp-json\/wp\/v2\/users\/2"}],"replies":[{"embeddable":true,"href":"https:\/\/indiverplast.it\/index.php\/wp-json\/wp\/v2\/comments?post=181"}],"version-history":[{"count":2,"href":"https:\/\/indiverplast.it\/index.php\/wp-json\/wp\/v2\/pages\/181\/revisions"}],"predecessor-version":[{"id":184,"href":"https:\/\/indiverplast.it\/index.php\/wp-json\/wp\/v2\/pages\/181\/revisions\/184"}],"wp:attachment":[{"href":"https:\/\/indiverplast.it\/index.php\/wp-json\/wp\/v2\/media?parent=181"}],"curies":[{"name":"wp","href":"https:\/\/api.w.org\/{rel}","templated":true}]}}