{"id":3,"date":"2024-02-26T11:46:50","date_gmt":"2024-02-26T10:46:50","guid":{"rendered":"http:\/\/indiverplast.it\/?page_id=3"},"modified":"2024-02-27T17:30:57","modified_gmt":"2024-02-27T16:30:57","slug":"privacy-policy","status":"publish","type":"page","link":"https:\/\/indiverplast.it\/index.php\/privacy-policy\/","title":{"rendered":"Privacy Policy"},"content":{"rendered":"\n<p><strong>INFORMATIVA PRIVACY AI SENSI&nbsp; DELL\u2019 ARTICOLO 13&nbsp; DEL REGOLAMENTO N. 2016\/679\/UE&nbsp; (cd GDPR)<\/strong><\/p>\n\n\n\n<p>In osservanza di quanto previsto dalle disposizioni in materia di tutela dei dati personali, Indiverplast Srl con la presente informativa intende comunicarle le dovute indicazioni in ordine alle finalit\u00e0 e alle modalit\u00e0 del trattamento dei dati personali che ci ha fornito al fine di usufruire dei nostri prodotti e servizi. L\u2019uso dei suoi dati personali sar\u00e0 improntato ai principi di correttezza e trasparenza, nel rispetto della normativa vigente a tutela della sua riservatezza.<\/p>\n\n\n\n<p><strong>Titolare del trattamento<\/strong><\/p>\n\n\n\n<p>Titolare del trattamento \u00e8 la Indiverplast Srl, con sede legale in Terzigno, in via Alessandro Volta 273\/B, di seguito brevemente \u201c<strong>Indiverplast<\/strong>\u201d) in persona del suo legale rappresentante, al quale potr\u00e0 rivolgersi per esercitare i diritti richiamati di seguito mediante il semplice invio di una richiesta all\u2019indirizzo di posta elettronica <em>indiverplast@virgilio.it<\/em><\/p>\n\n\n\n<p><strong>Finalit\u00e0<\/strong><\/p>\n\n\n\n<p>Ai sensi dell\u2019articolo 13 del regolamento n. 2016\/679\/UE, Indiverplast, nella qualit\u00e0 di Titolare del trattamento, informa che i dati personali dell\u2019Interessato, saranno oggetto di trattamento:<\/p>\n\n\n\n<ul class=\"wp-block-list\">\n<li>A) al fine di gestire il rapporto contrattuale riguardante la fornitura di beni e servizi acquisiti dall\u2019Interessato;<\/li>\n\n\n\n<li>B) al fine di rilevazione della qualit\u00e0 dei beni e servizi forniti;<\/li>\n\n\n\n<li>C) ai fini di informazione commerciale, di invio di materiale pubblicitario, newsletter, proposte ed offerte commerciali, di concorsi e manifestazioni a premi, di ricerche di mercato;<\/li>\n\n\n\n<li>D) al fine di trasferimento presso societ\u00e0 terze per la gestione delle operazioni a premi e per altre iniziative di natura commerciale;<\/li>\n\n\n\n<li>E) al fine di effettuare attivit\u00e0 di profilazione, ossia per analizzare aspetti riguardanti le preferenze e gli interessi personali per proporre prodotti e servizi sempre pi\u00f9 mirate alle esigenze dell\u2019Interessato.<\/li>\n<\/ul>\n\n\n\n<p><strong>Natura del trattamento<\/strong><\/p>\n\n\n\n<p>Il trattamento di dati personali \u00e8:<\/p>\n\n\n\n<ul class=\"wp-block-list\">\n<li>obbligatorio, per quanto attiene alle finalit\u00e0 A) e B), in quanto saranno utilizzati da Indiverplast per gestire il rapporto contrattuale con l\u2019Interessato;<\/li>\n\n\n\n<li>facoltativo, per quanto attiene alle finalit\u00e0 C), D) e E). Il mancato consenso al trattamento facoltativo avr\u00e0 come conseguenza che l<strong>\u2019<\/strong>Interessato non potr\u00e0 accedere alle operazioni a premi e Indiverplast non fornir\u00e0 informazioni commerciali, n\u00e9 invier\u00e0 materiale pubblicitario, proposte ed offerte promozionali.<\/li>\n<\/ul>\n\n\n\n<p><strong>Comunicazione a soggetti terzi<\/strong><\/p>\n\n\n\n<p>I dati personali saranno comunicati ai soggetti terzi coinvolti nelle attivit\u00e0 necessarie per le finalit\u00e0 A) e B) ovvero per l\u2019esecuzione del contratto in essere.<\/p>\n\n\n\n<p>Potranno inoltre essere trasmessi a societ\u00e0 terze qualora l\u2019Interessato abbia dato il proprio consenso ai trattamenti relativi alla finalit\u00e0 D) ed E). I soggetti esterni che possono venire a conoscenza dei dati personali ovvero ai quali gli stessi dati sono comunicati per quanto di loro specifica competenza, possono essere soggetti pubblici e privati coinvolti nei rapporti commerciali in atto, persone fisiche e\/o giuridiche che svolgano attivit\u00e0 strumentali o complementari a quelle di Indiverplast, imprese finanziarie e\/o aziende di credito commerciali, soggetti esterni che svolgono specifici incarichi per conto di Indiverplast ivi compresi Rivenditori e Agenti Indiverplast, ossia soggetti che hanno sottoscritto con Indiverplast un contratto di affiliazione commerciale riguardante la vendita dei prodotti e servizi. Non sono previsti trasferimenti di dati personali fuori dal territorio dell\u2019Unione Europea.<\/p>\n\n\n\n<p><strong>Diritti dell\u2019Interessato<\/strong><\/p>\n\n\n\n<p>In ogni momento Lei potr\u00e0 esercitare, ai sensi degli artt. da 15 a 22 del Regolamento n. 2016\/679\/UE, i diritti ivi indicati ed in particolare:<\/p>\n\n\n\n<ul class=\"wp-block-list\">\n<li><strong>Diritto di accesso <\/strong>\u2013 Ottenere conferma che sia o meno in corso un trattamento di dati personali che La riguardano e, in tal caso, ricevere informazioni relative, in particolare, a finalit\u00e0 del trattamento, categorie di dati personali trattati e periodo di conservazione, destinatari cui questi possono essere comunicati (articolo 15, GDPR)<\/li>\n\n\n\n<li><strong>Diritto di rettifica <\/strong>\u2013 Ottenere, senza ingiustificato ritardo, la rettifica dei dati personali inesatti che La riguardano e l\u2019integrazione dei dati personali incompleti (articolo 16, GDPR)<\/li>\n\n\n\n<li><strong>Diritto alla cancellazione <\/strong>\u2013 Ottenere, senza ingiustificato ritardo, la cancellazione dei dati personali che La riguardano, nei casi previsti dal GDPR (articolo 17, GDPR)<\/li>\n\n\n\n<li><strong>Diritto di limitazione <\/strong>\u2013 Ottenere dal Titolare la limitazione del trattamento, nei casi previsti dal GDPR (articolo 18, GDPR)<\/li>\n\n\n\n<li><strong>Diritto alla portabilit\u00e0 <\/strong>\u2013 Ricevere in un formato strutturato, di uso comune e leggibile da un dispositivo automatico, i dati personali che La riguardano forniti al Titolare<em>,<\/em> nonch\u00e9 ottenere che gli stessi siano trasmessi ad altro titolare senza impedimenti, nei casi previsti dal GDPR (articolo 20, GDPR)<\/li>\n\n\n\n<li><strong>Diritto di opposizione <\/strong>\u2013 Opporsi al trattamento dei dati personali che La riguardano, in particolare in relazione al trattamento dei dati personali che La riguardano ai sensi dell\u2019articolo 6, paragrafo 1, lettere e) o f) e qualora i dati personali siano trattati per finalit\u00e0 di marketing diretto compresa la profilazione (articolo 21, GDPR)<\/li>\n\n\n\n<li><strong>Diritto di proporre reclamo all\u2019autorit\u00e0 di controllo <\/strong>\u2013 Proporre reclamo all\u2019Autorit\u00e0 Garante per la protezione dei dati personali (art 15 GDPR) Piazza di Montecitorio n. 121, 00186, Roma (RM).<\/li>\n<\/ul>\n\n\n\n<p>Lei potr\u00e0 esercitare tali diritti mediante il semplice invio di una richiesta al Titolare del trattamento all\u2019indirizzo e-mail <em>indiverplast@virgilio.it<\/em><\/p>\n\n\n\n<p><strong>Periodo di conservazione<\/strong><\/p>\n\n\n\n<p>I dati raccolti saranno conservati per un periodo non superiore a <strong>quanto necessario all\u2019espletamento del contratto e conformemente alla normativa vigente.<\/strong><\/p>\n\n\n\n<p><strong>Modalit\u00e0 del trattamento<\/strong><\/p>\n\n\n\n<p><strong>Il trattamento dei dati personali dell\u2019Interessato \u00e8 realizzato per mezzo delle operazioni indicate all\u2019articolo 4, comma 2 del GDPR, quali ad esempio la raccolta, la registrazione e la conservazione, compiute con o senza l\u2019ausilio di sistemi informatici.<\/strong><\/p>\n\n\n\n<p>In ogni caso, sar\u00e0 garantita la sicurezza logica e fisica dei dati e, in generale, la riservatezza dei dati personali trattati, mettendo in atto tutte le necessarie misure tecniche e organizzative adeguate a garantire la loro sicurezza.<\/p>\n","protected":false},"excerpt":{"rendered":"<p>INFORMATIVA PRIVACY AI SENSI&nbsp; DELL\u2019 ARTICOLO 13&nbsp; DEL REGOLAMENTO N. 2016\/679\/UE&nbsp; (cd GDPR) In osservanza di quanto previsto dalle disposizioni in materia di tutela dei dati personali, Indiverplast Srl con la presente informativa intende comunicarle le dovute indicazioni in ordine alle finalit\u00e0 e alle modalit\u00e0 del trattamento dei dati personali che ci ha fornito al [&hellip;]<\/p>\n","protected":false},"author":1,"featured_media":0,"parent":0,"menu_order":0,"comment_status":"closed","ping_status":"open","template":"","meta":{"footnotes":""},"class_list":["post-3","page","type-page","status-publish","hentry"],"_links":{"self":[{"href":"https:\/\/indiverplast.it\/index.php\/wp-json\/wp\/v2\/pages\/3","targetHints":{"allow":["GET"]}}],"collection":[{"href":"https:\/\/indiverplast.it\/index.php\/wp-json\/wp\/v2\/pages"}],"about":[{"href":"https:\/\/indiverplast.it\/index.php\/wp-json\/wp\/v2\/types\/page"}],"author":[{"embeddable":true,"href":"https:\/\/indiverplast.it\/index.php\/wp-json\/wp\/v2\/users\/1"}],"replies":[{"embeddable":true,"href":"https:\/\/indiverplast.it\/index.php\/wp-json\/wp\/v2\/comments?post=3"}],"version-history":[{"count":1,"href":"https:\/\/indiverplast.it\/index.php\/wp-json\/wp\/v2\/pages\/3\/revisions"}],"predecessor-version":[{"id":77,"href":"https:\/\/indiverplast.it\/index.php\/wp-json\/wp\/v2\/pages\/3\/revisions\/77"}],"wp:attachment":[{"href":"https:\/\/indiverplast.it\/index.php\/wp-json\/wp\/v2\/media?parent=3"}],"curies":[{"name":"wp","href":"https:\/\/api.w.org\/{rel}","templated":true}]}}